{"id":16322,"date":"2023-04-14T14:31:00","date_gmt":"2023-04-14T14:31:00","guid":{"rendered":"https:\/\/work-foxx.com\/product\/orlando-silo-kapa-plava-i-bijela\/"},"modified":"2025-06-30T08:05:05","modified_gmt":"2025-06-30T08:05:05","slug":"silt-kapa-orlando-plavo-bijela","status":"publish","type":"product","link":"https:\/\/work-foxx.com\/hr\/proizvod\/silt-kapa-orlando-plavo-bijela\/","title":{"rendered":"\u0160ilt kapa ORLANDO, plavo-bijela"},"content":{"rendered":"<p>\u0160ilt kapa Orlando izra\u0111ena je od 100% bru\u0161enog pamuka. Ve\u0107a gusto\u0107a materijala daje vrhunski izgled. Metalni regulator na stra\u017enjoj strani osigurava udobnost i dobro pristajanje. Kontrastni sendvi\u010d od \u0161est panela daje moderan izgled. \u0160ilt kapa Orlando zbog svoje izvrsne kvalitete prikladna je za posao, slobodno vrijeme, u promotivne svrhe ili kao poslovni poklon.<\/p>\n<p><strong>Materijal:<\/strong> 100 % bru\u0161eni pamuk, 260 gsm, 6 plo\u010da<br \/>\n<strong>Odr\u017eavanje:<\/strong> Pranje u perilici rublja na 30 \u00b0C<br \/>\n<strong>Kop\u010danje:<\/strong> Metalna kop\u010da<\/p>\n<p><strong>Boja:<\/strong> Plava s bijelim dodacima<br \/>\n<strong>Spol:<\/strong> Unisex<br \/>\n<strong>Veli\u010dina:<\/strong> Univerzalna<br \/>\n<strong>Proizvo\u0111a\u010d:<\/strong> <a href=\"https:\/\/www.karibanbrands.com\/en\/\">K-Up<\/a><\/p>\n<p><em>Kape i \u0161ilt kape mogu se personalizirati strojnim vezom ili tiskom. <span style=\"font-weight: 400;\">Vi\u0161e o personalizaciji mo\u017eete pro\u010ditati na stranici &#8220;<\/span><a href=\"https:\/\/work-foxx.com\/hr\/personalizacija-radne-odjece\/\"><span style=\"font-weight: 400;\">Personalizacija radne odje\u0107e<\/span><\/a><span style=\"font-weight: 400;\">&#8221; na dnu stranice.<\/span><\/em><\/p>\n","protected":false},"excerpt":{"rendered":"<p>\u0160ilt kapa Orlando izra\u0111ena je od 100% pamuka. Dostupna je u nekoliko boja. Savr\u0161ena za personalizaciju s tiskom ili vezom.<\/p>\n","protected":false},"featured_media":12624,"comment_status":"open","ping_status":"closed","template":"","meta":{"_acf_changed":false,"inline_featured_image":false},"product_brand":[],"product_cat":[765,675],"product_tag":[],"class_list":{"0":"post-16322","1":"product","2":"type-product","3":"status-publish","4":"has-post-thumbnail","6":"product_cat-kape-i-silt-kape","7":"product_cat-sezonska-odjeca","9":"first","10":"outofstock","11":"sale","12":"taxable","13":"shipping-taxable","14":"purchasable","15":"product-type-simple"},"acf":[],"_links":{"self":[{"href":"https:\/\/work-foxx.com\/hr\/wp-json\/wp\/v2\/product\/16322","targetHints":{"allow":["GET"]}}],"collection":[{"href":"https:\/\/work-foxx.com\/hr\/wp-json\/wp\/v2\/product"}],"about":[{"href":"https:\/\/work-foxx.com\/hr\/wp-json\/wp\/v2\/types\/product"}],"replies":[{"embeddable":true,"href":"https:\/\/work-foxx.com\/hr\/wp-json\/wp\/v2\/comments?post=16322"}],"wp:featuredmedia":[{"embeddable":true,"href":"https:\/\/work-foxx.com\/hr\/wp-json\/wp\/v2\/media\/12624"}],"wp:attachment":[{"href":"https:\/\/work-foxx.com\/hr\/wp-json\/wp\/v2\/media?parent=16322"}],"wp:term":[{"taxonomy":"product_brand","embeddable":true,"href":"https:\/\/work-foxx.com\/hr\/wp-json\/wp\/v2\/product_brand?post=16322"},{"taxonomy":"product_cat","embeddable":true,"href":"https:\/\/work-foxx.com\/hr\/wp-json\/wp\/v2\/product_cat?post=16322"},{"taxonomy":"product_tag","embeddable":true,"href":"https:\/\/work-foxx.com\/hr\/wp-json\/wp\/v2\/product_tag?post=16322"}],"curies":[{"name":"wp","href":"https:\/\/api.w.org\/{rel}","templated":true}]}}