{"id":16284,"date":"2023-05-07T13:11:00","date_gmt":"2023-05-07T13:11:00","guid":{"rendered":"https:\/\/work-foxx.com\/product\/bonete-jakna-zena\/"},"modified":"2024-12-21T00:01:38","modified_gmt":"2024-12-21T00:01:38","slug":"jakna-bonete-zenska","status":"publish","type":"product","link":"https:\/\/work-foxx.com\/hr\/proizvod\/jakna-bonete-zenska\/","title":{"rendered":"Jakna BONETE, \u017eenska"},"content":{"rendered":"<p>Lagana i moderna jakna Bonete je savr\u0161ena za vjetrovite dane. Ima moderan dizajn s kontrastnom unutra\u0161njosti i fiksnom kapulja\u010dom. Izra\u0111en je od Ripstop materijala koji nudi za\u0161titu od ki\u0161e i vjetra. Podstavljena je poliesterskom podstavom koja pru\u017ea toplinu i udobnost. Zatvara se patentnim zatvara\u010dem. Tri vanjska i dva unutarnja d\u017eepa osiguravaju ve\u0107u funkcionalnost. Jakna Bonete ima integriranu elasti\u010dnu man\u0161etu na oba rukava za bolje pristajanje. Uz Bonete jaknu dolazi i prakti\u010dna torba.<\/p>\n<p><strong>Kroj:<\/strong> Regular fit<br \/>\n<strong>Materijal:<\/strong> 100% najlon, 20D ripstop<br \/>\n<b>Podstava:<\/b> 100% poliester<\/p>\n<p><strong>Veli\u010dine:<\/strong> S &#8211; 3XL<br \/>\n<strong>Boja:<\/strong> Crna<br \/>\n<strong>Spol:<\/strong> \u017denski<br \/>\n<strong>Proizvo\u0111a\u010d:<\/strong> <a href=\"https:\/\/www.lacuna.hr\/\">Lacuna<\/a><br \/>\n<strong>Standard:<\/strong> EN 13688<\/p>\n<h5>Opis standarda<\/h5>\n<p>Norma EN ISO 13688 utvr\u0111uje op\u0107e zahtjeve izvedbe za ergonomiju, sigurnost, oznaku veli\u010dine, starenje, kompatibilnost i oznake za\u0161titne odje\u0107e te podatke koje daje proizvo\u0111a\u010d za\u0161titne odje\u0107e.<\/p>\n<p><em>Work Foxx nudi veliki izbor zimskih i prijelaznih <a href=\"https:\/\/work-foxx.com\/hr\/kategorija-proizvoda\/sezonska-odjeca\/jakne\/\">jakni<\/a>, <a href=\"https:\/\/work-foxx.com\/hr\/kategorija-proizvoda\/sezonska-odjeca\/prsluci\/\">prsluka<\/a>, <a href=\"https:\/\/work-foxx.com\/hr\/kategorija-proizvoda\/sezonska-odjeca\/termo-ili-flis-odjeca\/\">flis odje\u0107e<\/a>, <a href=\"https:\/\/work-foxx.com\/hr\/kategorija-proizvoda\/sezonska-odjeca\/softshell-odjeca\/\">softshell odje\u0107e<\/a>, <a href=\"https:\/\/work-foxx.com\/hr\/kategorija-proizvoda\/sezonska-odjeca\/dzemperi-i-puloveri\/\">d\u017eempera i pulovera<\/a>, <a href=\"https:\/\/work-foxx.com\/hr\/kategorija-proizvoda\/sezonska-odjeca\/majice\/\">majica<\/a>, <a href=\"https:\/\/work-foxx.com\/hr\/kategorija-proizvoda\/sezonska-odjeca\/kape-i-silt-kape\/\">kapa i \u0161ilterica<\/a> te <a href=\"https:\/\/work-foxx.com\/hr\/kategorija-proizvoda\/sezonska-odjeca\/kisni-program\/\">ki\u0161ne odje\u0107e<\/a>, proizvedenih prema europskim standardima kvalitete. U ponudi se nalazi sezonska odje\u0107a brendova Lacuna, Coverguard, Keya, JHK, Rolly, SOL&#8217;S, Gildan itd. Sezonsku odje\u0107u mogu\u0107e je personalizirati strojnim vezom ili tiskom. U Work Foxxu brinemo o savr\u0161enom izgledu i ukupnom imid\u017eu Va\u0161e tvrtke. Vi\u0161e o personalizaciji mo\u017eete pro\u010ditati u kartici &#8220;<a class=\"-unlink link-1\" title=\"Personalizacija radne odje\u0107e\" href=\"https:\/\/work-foxx.com\/hr\/personalizacija-radne-odjece\/\">Personalizacija radne odje\u0107e<\/a>&#8221; na dnu stranice.<\/em><\/p>\n","protected":false},"excerpt":{"rendered":"<p>Lagana i moderna jakna Bonete, savr\u0161ena za vjetrovite dane. Ima moderan dizajn s kontrastnom unutra\u0161njosti i fiksnom kapulja\u010dom.<\/p>\n","protected":false},"featured_media":15316,"comment_status":"open","ping_status":"closed","template":"","meta":{"_acf_changed":false,"inline_featured_image":false},"product_brand":[],"product_cat":[690,675],"product_tag":[],"class_list":{"0":"post-16284","1":"product","2":"type-product","3":"status-publish","4":"has-post-thumbnail","6":"product_cat-jakne","7":"product_cat-sezonska-odjeca","9":"first","10":"instock","11":"taxable","12":"shipping-taxable","13":"purchasable","14":"product-type-variable"},"acf":[],"_links":{"self":[{"href":"https:\/\/work-foxx.com\/hr\/wp-json\/wp\/v2\/product\/16284","targetHints":{"allow":["GET"]}}],"collection":[{"href":"https:\/\/work-foxx.com\/hr\/wp-json\/wp\/v2\/product"}],"about":[{"href":"https:\/\/work-foxx.com\/hr\/wp-json\/wp\/v2\/types\/product"}],"replies":[{"embeddable":true,"href":"https:\/\/work-foxx.com\/hr\/wp-json\/wp\/v2\/comments?post=16284"}],"wp:featuredmedia":[{"embeddable":true,"href":"https:\/\/work-foxx.com\/hr\/wp-json\/wp\/v2\/media\/15316"}],"wp:attachment":[{"href":"https:\/\/work-foxx.com\/hr\/wp-json\/wp\/v2\/media?parent=16284"}],"wp:term":[{"taxonomy":"product_brand","embeddable":true,"href":"https:\/\/work-foxx.com\/hr\/wp-json\/wp\/v2\/product_brand?post=16284"},{"taxonomy":"product_cat","embeddable":true,"href":"https:\/\/work-foxx.com\/hr\/wp-json\/wp\/v2\/product_cat?post=16284"},{"taxonomy":"product_tag","embeddable":true,"href":"https:\/\/work-foxx.com\/hr\/wp-json\/wp\/v2\/product_tag?post=16284"}],"curies":[{"name":"wp","href":"https:\/\/api.w.org\/{rel}","templated":true}]}}