{"id":16060,"date":"2023-05-08T08:10:55","date_gmt":"2023-05-08T08:10:55","guid":{"rendered":"https:\/\/work-foxx.com\/o-nama\/"},"modified":"2025-01-05T14:01:51","modified_gmt":"2025-01-05T14:01:51","slug":"o-nama","status":"publish","type":"page","link":"https:\/\/work-foxx.com\/hr\/o-nama\/","title":{"rendered":"O nama"},"content":{"rendered":"<p>&nbsp;<\/p>\n<h1>O nama<\/h1>\n<p>&nbsp;<\/p>\n<p>Pro\u010ditajte vi\u0161e o nama i upoznajte nas bolje!<\/p>\n<p>&nbsp;<\/p>\n<h2>Tko smo mi i \u0161to radimo?<\/h2>\n<p>Iza robne marke Work Foxx stoji mlad i ambiciozan tim pojedinaca koji od 2017. godine marljivo skuplja iskustvo u maloprodaji i veleprodaji radne i za\u0161titne opreme. Malo druga\u010dijim i svje\u017eim pristupom tvrtkama \u017eelimo pru\u017eiti kvalitetne savjete, pomo\u0107 i jednostavan proces kupnje.<\/p>\n<p>U na\u0161oj ponudi su brendovi Lacuna, GetOut, Brokula, ATG, Coverguard, Base, Univet, BLS, Kratos Safety, Mercator Medical, Bata Industrials, Puma Workwear, Dassy, Sara Workwear, Portwest, Dassy, Planam, 3M, Ansell, Lemaitre, Uvex, Mascot, Giasco i mnogi drugi.<\/p>\n<p>Prodajni program obuhva\u0107a sve od reklamnog tekstila, odje\u0107e za rad i slobodno vrijeme, radne i za\u0161titne odje\u0107e, obu\u0107e i profesionalne opreme za specifi\u010dne i zahtjevnije poslove.<\/p>\n<p>Brend Work Foxx djeluje pod okriljem Work Foxx, Jure Rajh s.p.<\/p>\n<p>&nbsp;<\/p>\n<h5>Osoba za kontakt<\/h5>\n<p>Jure Rajh, voditelj prodaje<br \/>\nTelefon: <a href=\"tel:+386%2051%20345%20131\">+386 51 345 131<\/a><br \/>\nE-po\u0161ta: <a href=\"mailto:info@work-foxx.com\">info@work-foxx.com<\/a><br \/>\nLinkedin: <a href=\"https:\/\/www.linkedin.com\/in\/jure-rajh\/\">https:\/\/www.linkedin.com\/in\/jure-rajh\/<\/a><\/p>\n<p>&nbsp;<\/p>\n<h2>Vrijednosti<\/h2>\n<p>Individualnim pristupom i savjetovanjem \u017eelimo graditi dugoro\u010dne partnerske odnose s tvrtkama. Na\u0161e poslovanje temelji se na znanju, po\u0161tenju i predanosti u\u010denju iz pogre\u0161aka i nastojanju da uvijek budemo bolji.<\/p>\n<p>&nbsp;<\/p>\n<h2>Misija<\/h2>\n<p>Na\u0161a misija je prona\u0107i i pru\u017eiti kvalitetna i pristupa\u010dna rje\u0161enja za sve tvrtke \u010diji zaposlenici koriste radnu i za\u0161titnu opremu na radu. Procesom savjetovanja \u017eelimo ponuditi cjelovito iskustvo temeljeno na na\u0161em znanju i iskustvu te uz pomo\u0107 B2B online trgovine olak\u0161ati svaki sljede\u0107i proces kupnje.<\/p>\n<p>&nbsp;<\/p>\n<h2>Vizija<\/h2>\n<p>U poplavi ponu\u0111a\u010da radne i za\u0161titne opreme, \u017eelimo postati Va\u0161a prva pomisao i Va\u0161 jedini izbor kada se odlu\u010dite za kupnju.<\/p>\n<p>&nbsp;<\/p>\n<h2>Gdje se nalazimo?<\/h2>\n<p>Svoje usluge pru\u017eamo online i na terenu diljem Slovenije. Mi smo online trgovac koji nudi demonstracije i savjete u sjedi\u0161tu tvrtke. Budu\u0107i da nemamo prodajni prostor, dajemo vam uzorke koje mo\u017eete isprobati i isprobati besplatno prije kupnje.<\/p>\n<p>&nbsp;<\/p>\n<h5>Glavno sjedi\u0161te:<\/h5>\n<p>Work Foxx, Jure Rajh s.p.<br \/>\nVreclova ulica 2<br \/>\n2311 Ho\u010de<br \/>\nSlovenija, EU<\/p>\n","protected":false},"excerpt":{"rendered":"<p>&nbsp; O nama &nbsp; Pro\u010ditajte vi\u0161e o nama i upoznajte nas bolje! &nbsp; Tko smo mi i \u0161to radimo? Iza robne marke Work Foxx stoji mlad i ambiciozan tim pojedinaca koji od 2017. godine marljivo skuplja iskustvo u maloprodaji i veleprodaji radne i za\u0161titne opreme. Malo druga\u010dijim i svje\u017eim pristupom tvrtkama \u017eelimo pru\u017eiti kvalitetne savjete, [&hellip;]<\/p>\n","protected":false},"author":1,"featured_media":0,"parent":0,"menu_order":0,"comment_status":"closed","ping_status":"closed","template":"page-nosidebar.php","meta":{"_acf_changed":false,"inline_featured_image":false,"footnotes":""},"class_list":["post-16060","page","type-page","status-publish","hentry"],"acf":[],"_links":{"self":[{"href":"https:\/\/work-foxx.com\/hr\/wp-json\/wp\/v2\/pages\/16060","targetHints":{"allow":["GET"]}}],"collection":[{"href":"https:\/\/work-foxx.com\/hr\/wp-json\/wp\/v2\/pages"}],"about":[{"href":"https:\/\/work-foxx.com\/hr\/wp-json\/wp\/v2\/types\/page"}],"author":[{"embeddable":true,"href":"https:\/\/work-foxx.com\/hr\/wp-json\/wp\/v2\/users\/1"}],"replies":[{"embeddable":true,"href":"https:\/\/work-foxx.com\/hr\/wp-json\/wp\/v2\/comments?post=16060"}],"version-history":[{"count":7,"href":"https:\/\/work-foxx.com\/hr\/wp-json\/wp\/v2\/pages\/16060\/revisions"}],"predecessor-version":[{"id":50450,"href":"https:\/\/work-foxx.com\/hr\/wp-json\/wp\/v2\/pages\/16060\/revisions\/50450"}],"wp:attachment":[{"href":"https:\/\/work-foxx.com\/hr\/wp-json\/wp\/v2\/media?parent=16060"}],"curies":[{"name":"wp","href":"https:\/\/api.w.org\/{rel}","templated":true}]}}