{"id":16054,"date":"2023-05-22T13:47:52","date_gmt":"2023-05-22T13:47:52","guid":{"rendered":"https:\/\/work-foxx.com\/b2b-portal\/"},"modified":"2025-01-05T13:57:40","modified_gmt":"2025-01-05T13:57:40","slug":"b2b-portal","status":"publish","type":"page","link":"https:\/\/work-foxx.com\/hr\/b2b-portal\/","title":{"rendered":"B2B portal"},"content":{"rendered":"<p>&nbsp;<\/p>\n<h1><span style=\"font-family: inherit;\">Work Foxx &#8211; B2B portal za poslovne partnere<\/span><\/h1>\n<p>&nbsp;<\/p>\n<div style=\"max-width: 1000px; margin: 0 auto;\">\n<p>Na\u0161 B2B portal namijenjen je pravnim osobama i partnerskim tvrtkama koje \u017eele dugo poslovati s nama.<\/p>\n<h3>Kako postati B2B partner?<\/h3>\n<p><strong>Da biste koristili web-portal, morate biti registrirani poslovni partner. <\/strong>Mo\u017eete se registrirati ispunjavanjem donjeg obrasca. Va\u0161 ra\u010dun ne\u0107e biti aktivan odmah nakon prijave u trgovinu! Administrator \u0107e obraditi svako izvje\u0161\u0107e u roku od 48 sati od podno\u0161enja zahtjeva. Primit \u0107ete obavijest o aktivaciji na svoju adresu e-po\u0161te.<\/p>\n<p><strong>Prednosti registriranih korisnika \u2013 poslovnih partnera:<\/strong><\/p>\n<ul>\n<li>prikaz pojedina\u010dnih (dogovorenih) cijena;<\/li>\n<li>prikaz stanja zaliha;<\/li>\n<li>Pregledajte povijest kupnji.<\/li>\n<\/ul>\n<p>Na\u0161im poslovnim partnerima nudimo i program podr\u0161ke. Na\u010din podr\u0161ke ovisi o odre\u0111enoj tvrtki. Nudimo prodajnu pomo\u0107 na\u0161im distributerima i pru\u017eamo vam promotivne materijale i uzorke proizvoda besplatno. Na\u0161im stalnim kupcima nudimo besplatne uzorke, bolje cijene tiska i veza te mnoge druge pogodnosti.<\/p>\n<p>Da biste se registrirali, potrebno je ispuniti donji obrazac. Nakon slanja obrasca, na\u0161e osoblje \u0107e vas kontaktirati.<\/p>\n<p>&nbsp;<\/p>\n\n<div class=\"wpcf7 no-js\" id=\"wpcf7-f16071-o1\" lang=\"hr\" dir=\"ltr\" data-wpcf7-id=\"16071\">\n<div class=\"screen-reader-response\"><p role=\"status\" aria-live=\"polite\" aria-atomic=\"true\"><\/p> <ul><\/ul><\/div>\n<form action=\"\/hr\/wp-json\/wp\/v2\/pages\/16054#wpcf7-f16071-o1\" method=\"post\" class=\"wpcf7-form init\" aria-label=\"Kontakt obrazac\" novalidate=\"novalidate\" data-status=\"init\">\n<fieldset class=\"hidden-fields-container\"><input type=\"hidden\" name=\"_wpcf7\" value=\"16071\" \/><input type=\"hidden\" name=\"_wpcf7_version\" value=\"6.1.5\" \/><input type=\"hidden\" name=\"_wpcf7_locale\" value=\"hr\" \/><input type=\"hidden\" name=\"_wpcf7_unit_tag\" value=\"wpcf7-f16071-o1\" \/><input type=\"hidden\" name=\"_wpcf7_container_post\" value=\"0\" \/><input type=\"hidden\" name=\"_wpcf7_posted_data_hash\" value=\"\" \/><input type=\"hidden\" name=\"_wpcf7dtx_version\" value=\"5.0.5\" \/><input type=\"hidden\" name=\"_wpcf7_recaptcha_response\" value=\"\" \/>\n<\/fieldset>\n<div class=\"row overflow-hidden\">\n\t<div class=\"col-md-6\">\n\t\t<p>Naziv tvrtke *\n\t\t<\/p>\n\t\t<p><span class=\"wpcf7-form-control-wrap\" data-name=\"company-name\"><input size=\"40\" maxlength=\"400\" class=\"wpcf7-form-control wpcf7-text wpcf7-validates-as-required w-100\" aria-required=\"true\" aria-invalid=\"false\" value=\"\" type=\"text\" name=\"company-name\" \/><\/span>\n\t\t<\/p>\n\t<\/div>\n\t<div class=\"col-md-6\">\n\t\t<p>Porezni ID *\n\t\t<\/p>\n\t\t<p><span class=\"wpcf7-form-control-wrap\" data-name=\"tax-number\"><input size=\"40\" maxlength=\"400\" class=\"wpcf7-form-control wpcf7-text wpcf7-validates-as-required w-100\" aria-required=\"true\" aria-invalid=\"false\" value=\"\" type=\"text\" name=\"tax-number\" \/><\/span>\n\t\t<\/p>\n\t<\/div>\n\t<div class=\"col-md-6\">\n\t\t<p>Kontakt osoba *\n\t\t<\/p>\n\t\t<p><span class=\"wpcf7-form-control-wrap\" data-name=\"contact-person\"><input size=\"40\" maxlength=\"400\" class=\"wpcf7-form-control wpcf7-text wpcf7-validates-as-required w-100\" aria-required=\"true\" aria-invalid=\"false\" value=\"\" type=\"text\" name=\"contact-person\" \/><\/span>\n\t\t<\/p>\n\t<\/div>\n\t<div class=\"col-md-6\">\n\t\t<p>Naslov*\n\t\t<\/p>\n\t\t<p><span class=\"wpcf7-form-control-wrap\" data-name=\"address\"><input size=\"40\" maxlength=\"400\" class=\"wpcf7-form-control wpcf7-text wpcf7-validates-as-required w-100\" aria-required=\"true\" aria-invalid=\"false\" value=\"\" type=\"text\" name=\"address\" \/><\/span>\n\t\t<\/p>\n\t<\/div>\n\t<div class=\"col-md-6\">\n\t\t<p>Po\u0161tanski broj*\n\t\t<\/p>\n\t\t<p><span class=\"wpcf7-form-control-wrap\" data-name=\"postcode\"><input size=\"40\" maxlength=\"400\" class=\"wpcf7-form-control wpcf7-text wpcf7-validates-as-required w-100\" aria-required=\"true\" aria-invalid=\"false\" value=\"\" type=\"text\" name=\"postcode\" \/><\/span>\n\t\t<\/p>\n\t<\/div>\n\t<div class=\"col-md-6\">\n\t\t<p>Dr\u017eava*\n\t\t<\/p>\n\t\t<p><span class=\"wpcf7-form-control-wrap\" data-name=\"country\"><input size=\"40\" maxlength=\"400\" class=\"wpcf7-form-control wpcf7-text wpcf7-validates-as-required w-100\" aria-required=\"true\" aria-invalid=\"false\" value=\"\" type=\"text\" name=\"country\" \/><\/span>\n\t\t<\/p>\n\t<\/div>\n\t<div class=\"col-md-6\">\n\t\t<p>Mobilni telefon*\n\t\t<\/p>\n\t\t<p><span class=\"wpcf7-form-control-wrap\" data-name=\"phone\"><input size=\"40\" maxlength=\"400\" class=\"wpcf7-form-control wpcf7-text wpcf7-validates-as-required w-100\" aria-required=\"true\" aria-invalid=\"false\" value=\"\" type=\"text\" name=\"phone\" \/><\/span>\n\t\t<\/p>\n\t<\/div>\n\t<div class=\"col-md-6\">\n\t\t<p>E-po\u0161ta*\n\t\t<\/p>\n\t\t<p><span class=\"wpcf7-form-control-wrap\" data-name=\"email\"><input size=\"40\" maxlength=\"400\" class=\"wpcf7-form-control wpcf7-email wpcf7-validates-as-required wpcf7-text wpcf7-validates-as-email w-100\" aria-required=\"true\" aria-invalid=\"false\" value=\"\" type=\"email\" name=\"email\" \/><\/span>\n\t\t<\/p>\n\t<\/div>\n\t<div class=\"col-md-12\">\n\t\t<p>Djelatnost industrije \/ tvrtke\n\t\t<\/p>\n\t\t<p><span class=\"wpcf7-form-control-wrap\" data-name=\"industry\"><input size=\"40\" maxlength=\"400\" class=\"wpcf7-form-control wpcf7-text w-100\" aria-invalid=\"false\" value=\"\" type=\"text\" name=\"industry\" \/><\/span>\n\t\t<\/p>\n\t<\/div>\n<\/div>\n<p><input class=\"wpcf7-form-control wpcf7-submit has-spinner btn-3\" type=\"submit\" value=\"Po\u0161lji\" \/>\n<\/p><div class=\"wpcf7-response-output\" aria-hidden=\"true\"><\/div>\n<\/form>\n<\/div>\n\n<\/div>\n","protected":false},"excerpt":{"rendered":"<p>&nbsp; Work Foxx &#8211; B2B portal za poslovne partnere &nbsp; Na\u0161 B2B portal namijenjen je pravnim osobama i partnerskim tvrtkama koje \u017eele dugo poslovati s nama. Kako postati B2B partner? Da biste koristili web-portal, morate biti registrirani poslovni partner. Mo\u017eete se registrirati ispunjavanjem donjeg obrasca. Va\u0161 ra\u010dun ne\u0107e biti aktivan odmah nakon prijave u trgovinu! [&hellip;]<\/p>\n","protected":false},"author":1,"featured_media":0,"parent":0,"menu_order":0,"comment_status":"closed","ping_status":"closed","template":"page-nosidebar.php","meta":{"_acf_changed":false,"inline_featured_image":false,"footnotes":""},"class_list":["post-16054","page","type-page","status-publish","hentry"],"acf":[],"_links":{"self":[{"href":"https:\/\/work-foxx.com\/hr\/wp-json\/wp\/v2\/pages\/16054","targetHints":{"allow":["GET"]}}],"collection":[{"href":"https:\/\/work-foxx.com\/hr\/wp-json\/wp\/v2\/pages"}],"about":[{"href":"https:\/\/work-foxx.com\/hr\/wp-json\/wp\/v2\/types\/page"}],"author":[{"embeddable":true,"href":"https:\/\/work-foxx.com\/hr\/wp-json\/wp\/v2\/users\/1"}],"replies":[{"embeddable":true,"href":"https:\/\/work-foxx.com\/hr\/wp-json\/wp\/v2\/comments?post=16054"}],"version-history":[{"count":3,"href":"https:\/\/work-foxx.com\/hr\/wp-json\/wp\/v2\/pages\/16054\/revisions"}],"predecessor-version":[{"id":50446,"href":"https:\/\/work-foxx.com\/hr\/wp-json\/wp\/v2\/pages\/16054\/revisions\/50446"}],"wp:attachment":[{"href":"https:\/\/work-foxx.com\/hr\/wp-json\/wp\/v2\/media?parent=16054"}],"curies":[{"name":"wp","href":"https:\/\/api.w.org\/{rel}","templated":true}]}}