{"id":16025,"date":"2023-03-17T09:57:44","date_gmt":"2023-03-17T09:57:44","guid":{"rendered":"https:\/\/work-foxx.com\/polazna-stranica\/"},"modified":"2026-05-04T07:08:21","modified_gmt":"2026-05-04T07:08:21","slug":"polazna-stranica","status":"publish","type":"page","link":"https:\/\/work-foxx.com\/hr\/","title":{"rendered":"Polazna stranica"},"content":{"rendered":"<h1>Kako odabrati kvalitetnu radnu odje\u0107u?<\/h1>\n<p>Kada je u pitanju sigurnost na radnom mjestu, radna i za\u0161titna oprema je klju\u010dna. U Work Foxxu razumijemo va\u017enost visokokvalitetne radne odje\u0107e za za\u0161titu od potencijalnih opasnosti. Evo nekoliko savjeta koji \u0107e vam pomo\u0107i u odabiru kvalitetne radne odje\u0107e:<\/p>\n<h2>Kvalitetan rad i za\u0161titna oprema<\/h2>\n<p>Prvi korak u odabiru kvalitetne radne i za\u0161titne opreme je pronala\u017eenje visokokvalitetnih materijala. Naj\u010de\u0161\u0107i materijali koji se koriste za radnu odje\u0107u su pamuk i mje\u0161avine pamuka i poliestera. Oja\u010danja izra\u0111ena od izdr\u017eljivih materijala pridonijet \u0107e ve\u0107oj trajnosti i manjem tro\u0161enju opreme. Naj\u010de\u0161\u0107a armatura je CORDURA tkanina.<\/p>\n<h2>Dobro vidljiva radna i za\u0161titna oprema<\/h2>\n<p>Na mnogim radnim mjestima potrebno je uvijek biti vidljiv. Radna i za\u0161titna oprema za visoku vidljivost osmi\u0161ljena je tako da budete bolje vidljivi \u010dak i pri slabom svjetlu. To mo\u017ee pomo\u0107i u sprje\u010davanju nesre\u0107a i ozljeda, jer radna odje\u0107a s fluorescentnim bojama i reflektorima osigurava vidljivost.<\/p>\n<h2>Udoban rad i za\u0161titna oprema<\/h2>\n<p>Udobna radna odje\u0107a neophodna je za sigurnost na radnom mjestu. Ako vam je neugodno u radnoj odje\u0107i ili vas ometa dok je nosite, ve\u0107a je vjerojatnost da \u0107ete pogrije\u0161iti ili do\u017eivjeti nesre\u0107u. Kvalitetna radna odje\u0107a dizajnirana je da bude udobna i omogu\u0107uje puni raspon pokreta, osiguravaju\u0107i da se mogu usredoto\u010diti na zadatak dok je nose.<\/p>\n<h2>Oprema u skladu sa sigurnosnim standardima<\/h2>\n<p>Mnoge industrije imaju posebne sigurnosne standarde koji se moraju po\u0161tivati \u200b\u200bkako bi se osigurala sigurnost na radnom mjestu. Kvalitetna za\u0161titna oprema je dizajnirana da zadovolji ove standarde, osiguravaju\u0107i da ste za\u0161ti\u0107eni od opasnosti i da je radno mjesto u skladu sa sigurnosnim propisima.<\/p>\n<p>Odabir visokokvalitetne radne odje\u0107e klju\u010dan je za sigurnost na radnom mjestu. U Work Foxxu predani smo pru\u017eanju visokokvalitetne radne odje\u0107e koja \u0161titi od opasnosti, pove\u0107ava vidljivost i zadovoljava sigurnosne standarde i certifikate. Odabirom radne odje\u0107e Work Foxx mo\u017eete biti sigurni da pru\u017eate najbolju mogu\u0107u za\u0161titu i sigurnost na radnom mjestu.<\/p>\n","protected":false},"excerpt":{"rendered":"<p>Kako odabrati kvalitetnu radnu odje\u0107u? Kada je u pitanju sigurnost na radnom mjestu, radna i za\u0161titna oprema je klju\u010dna. U Work Foxxu razumijemo va\u017enost visokokvalitetne radne odje\u0107e za za\u0161titu od potencijalnih opasnosti. Evo nekoliko savjeta koji \u0107e vam pomo\u0107i u odabiru kvalitetne radne odje\u0107e: Kvalitetan rad i za\u0161titna oprema Prvi korak u odabiru kvalitetne radne [&hellip;]<\/p>\n","protected":false},"author":1,"featured_media":0,"parent":0,"menu_order":0,"comment_status":"closed","ping_status":"closed","template":"","meta":{"_acf_changed":false,"inline_featured_image":false,"footnotes":""},"class_list":["post-16025","page","type-page","status-publish","hentry"],"acf":[],"_links":{"self":[{"href":"https:\/\/work-foxx.com\/hr\/wp-json\/wp\/v2\/pages\/16025","targetHints":{"allow":["GET"]}}],"collection":[{"href":"https:\/\/work-foxx.com\/hr\/wp-json\/wp\/v2\/pages"}],"about":[{"href":"https:\/\/work-foxx.com\/hr\/wp-json\/wp\/v2\/types\/page"}],"author":[{"embeddable":true,"href":"https:\/\/work-foxx.com\/hr\/wp-json\/wp\/v2\/users\/1"}],"replies":[{"embeddable":true,"href":"https:\/\/work-foxx.com\/hr\/wp-json\/wp\/v2\/comments?post=16025"}],"version-history":[{"count":88,"href":"https:\/\/work-foxx.com\/hr\/wp-json\/wp\/v2\/pages\/16025\/revisions"}],"predecessor-version":[{"id":64856,"href":"https:\/\/work-foxx.com\/hr\/wp-json\/wp\/v2\/pages\/16025\/revisions\/64856"}],"wp:attachment":[{"href":"https:\/\/work-foxx.com\/hr\/wp-json\/wp\/v2\/media?parent=16025"}],"curies":[{"name":"wp","href":"https:\/\/api.w.org\/{rel}","templated":true}]}}